{"id":2478,"date":"2021-01-03T20:41:49","date_gmt":"2021-01-03T17:41:49","guid":{"rendered":"http:\/\/blog.ulasimplatformu.com\/?page_id=2478"},"modified":"2021-01-04T03:00:50","modified_gmt":"2021-01-04T00:00:50","slug":"reklam-ve-iletisim","status":"publish","type":"page","link":"http:\/\/blog.ulasimplatformu.com\/index.php\/reklam-ve-iletisim\/","title":{"rendered":""},"content":{"rendered":"\n<h2><span class=\"has-inline-color has-vivid-red-color\"><strong>REKLAM \/ \u0130LET\u0130\u015e\u0130M<\/strong><\/span><\/h2>\n\n\n\n<p><strong><span class=\"has-inline-color has-black-color\">Ali H\u0131d\u0131r BEKTA\u015e <br>ahbmedya@gmail.com  | 0545 495 59 38<\/span><\/strong><\/p>\n","protected":false},"excerpt":{"rendered":"<p>REKLAM \/ \u0130LET\u0130\u015e\u0130M Ali H\u0131d\u0131r BEKTA\u015e ahbmedya@gmail.com | 0545 495 59 38<\/p>\n","protected":false},"author":1,"featured_media":0,"parent":0,"menu_order":0,"comment_status":"closed","ping_status":"closed","template":"","meta":{"tdm_status":"","tdm_grid_status":"","spay_email":""},"jetpack_sharing_enabled":true,"amp_enabled":true,"_links":{"self":[{"href":"http:\/\/blog.ulasimplatformu.com\/index.php\/wp-json\/wp\/v2\/pages\/2478"}],"collection":[{"href":"http:\/\/blog.ulasimplatformu.com\/index.php\/wp-json\/wp\/v2\/pages"}],"about":[{"href":"http:\/\/blog.ulasimplatformu.com\/index.php\/wp-json\/wp\/v2\/types\/page"}],"author":[{"embeddable":true,"href":"http:\/\/blog.ulasimplatformu.com\/index.php\/wp-json\/wp\/v2\/users\/1"}],"replies":[{"embeddable":true,"href":"http:\/\/blog.ulasimplatformu.com\/index.php\/wp-json\/wp\/v2\/comments?post=2478"}],"version-history":[{"count":4,"href":"http:\/\/blog.ulasimplatformu.com\/index.php\/wp-json\/wp\/v2\/pages\/2478\/revisions"}],"predecessor-version":[{"id":2526,"href":"http:\/\/blog.ulasimplatformu.com\/index.php\/wp-json\/wp\/v2\/pages\/2478\/revisions\/2526"}],"wp:attachment":[{"href":"http:\/\/blog.ulasimplatformu.com\/index.php\/wp-json\/wp\/v2\/media?parent=2478"}],"curies":[{"name":"wp","href":"https:\/\/api.w.org\/{rel}","templated":true}]}}